{"id":234,"date":"2025-08-28T05:36:41","date_gmt":"2025-08-28T05:36:41","guid":{"rendered":"https:\/\/tededirnekurekkulubu.com\/?page_id=234"},"modified":"2025-08-28T05:41:32","modified_gmt":"2025-08-28T05:41:32","slug":"ted-edirne-koleji-kurek-kulubu-uluslararasi-basarilariyla-adindan-soz-ettiren-milli-sporcu-cevdet-ege-mutluyu-kadrosuna-katti-2","status":"publish","type":"page","link":"https:\/\/tededirnekurekkulubu.com\/?page_id=234","title":{"rendered":"TED Edirne Koleji K\u00fcrek Kul\u00fcb\u00fc, uluslararas\u0131 ba\u015far\u0131lar\u0131yla ad\u0131ndan s\u00f6z ettiren milli sporcu Cevdet Ege Mutlu\u2019yu kadrosuna katt\u0131."},"content":{"rendered":"","protected":false},"excerpt":{"rendered":"","protected":false},"author":1,"featured_media":0,"parent":0,"menu_order":0,"comment_status":"closed","ping_status":"closed","template":"","meta":{"footnotes":""},"class_list":["post-234","page","type-page","status-publish","hentry"],"_links":{"self":[{"href":"https:\/\/tededirnekurekkulubu.com\/index.php?rest_route=\/wp\/v2\/pages\/234","targetHints":{"allow":["GET"]}}],"collection":[{"href":"https:\/\/tededirnekurekkulubu.com\/index.php?rest_route=\/wp\/v2\/pages"}],"about":[{"href":"https:\/\/tededirnekurekkulubu.com\/index.php?rest_route=\/wp\/v2\/types\/page"}],"author":[{"embeddable":true,"href":"https:\/\/tededirnekurekkulubu.com\/index.php?rest_route=\/wp\/v2\/users\/1"}],"replies":[{"embeddable":true,"href":"https:\/\/tededirnekurekkulubu.com\/index.php?rest_route=%2Fwp%2Fv2%2Fcomments&post=234"}],"version-history":[{"count":1,"href":"https:\/\/tededirnekurekkulubu.com\/index.php?rest_route=\/wp\/v2\/pages\/234\/revisions"}],"predecessor-version":[{"id":235,"href":"https:\/\/tededirnekurekkulubu.com\/index.php?rest_route=\/wp\/v2\/pages\/234\/revisions\/235"}],"wp:attachment":[{"href":"https:\/\/tededirnekurekkulubu.com\/index.php?rest_route=%2Fwp%2Fv2%2Fmedia&parent=234"}],"curies":[{"name":"wp","href":"https:\/\/api.w.org\/{rel}","templated":true}]}}