{"id":241,"date":"2025-08-28T05:45:14","date_gmt":"2025-08-28T05:45:14","guid":{"rendered":"https:\/\/tededirnekurekkulubu.com\/?page_id=241"},"modified":"2025-08-28T05:46:35","modified_gmt":"2025-08-28T05:46:35","slug":"ted-edirne-koleji-kurek-kulubunden-uluslararasi-meric-kurek-yarislarinda-onemli-basari","status":"publish","type":"page","link":"https:\/\/tededirnekurekkulubu.com\/?page_id=241","title":{"rendered":"TED Edirne Koleji K\u00fcrek Kul\u00fcb\u00fcnden, Uluslararas\u0131 Meri\u00e7 K\u00fcrek Yar\u0131\u015flar\u0131\u2019nda \u00d6nemli Ba\u015far\u0131"},"content":{"rendered":"","protected":false},"excerpt":{"rendered":"","protected":false},"author":1,"featured_media":0,"parent":0,"menu_order":0,"comment_status":"closed","ping_status":"closed","template":"","meta":{"footnotes":""},"class_list":["post-241","page","type-page","status-publish","hentry"],"_links":{"self":[{"href":"https:\/\/tededirnekurekkulubu.com\/index.php?rest_route=\/wp\/v2\/pages\/241","targetHints":{"allow":["GET"]}}],"collection":[{"href":"https:\/\/tededirnekurekkulubu.com\/index.php?rest_route=\/wp\/v2\/pages"}],"about":[{"href":"https:\/\/tededirnekurekkulubu.com\/index.php?rest_route=\/wp\/v2\/types\/page"}],"author":[{"embeddable":true,"href":"https:\/\/tededirnekurekkulubu.com\/index.php?rest_route=\/wp\/v2\/users\/1"}],"replies":[{"embeddable":true,"href":"https:\/\/tededirnekurekkulubu.com\/index.php?rest_route=%2Fwp%2Fv2%2Fcomments&post=241"}],"version-history":[{"count":1,"href":"https:\/\/tededirnekurekkulubu.com\/index.php?rest_route=\/wp\/v2\/pages\/241\/revisions"}],"predecessor-version":[{"id":242,"href":"https:\/\/tededirnekurekkulubu.com\/index.php?rest_route=\/wp\/v2\/pages\/241\/revisions\/242"}],"wp:attachment":[{"href":"https:\/\/tededirnekurekkulubu.com\/index.php?rest_route=%2Fwp%2Fv2%2Fmedia&parent=241"}],"curies":[{"name":"wp","href":"https:\/\/api.w.org\/{rel}","templated":true}]}}